{"id":3524,"date":"2017-04-03T12:56:10","date_gmt":"2017-04-03T15:56:10","guid":{"rendered":"http:\/\/localhost\/wordpress\/?page_id=20"},"modified":"2022-04-11T12:39:40","modified_gmt":"2022-04-11T15:39:40","slug":"biography","status":"publish","type":"page","link":"https:\/\/rickymastro.com\/en\/biography\/","title":{"rendered":"Biography"},"content":{"rendered":"<div id=\"modal-ready\"><p>In 2000,\u00a0Ricky Mastro\u00a0received his first degree in Drama from the University of Washington (Seattle). Returning to his native country, Brazil, he followed that with a degree in Cinema from Funda\u00e7\u00e3o Armando \u00c1lvares Penteado (S\u00e3o Paulo) and a Master\u2019s in LGBT Identities from Universidade Anhembi Morumbi (S\u00e3o Paulo).<\/p>\n<p>In 2015, he moved to Toulouse where he got a DURCA Diploma from the \u00c9cole Nationale Sup\u00e9rieure d\u2019Audiovisuel. (DURCA: Dipl\u00f4me Universitaire de Recherche et de Cr\u00e9ation en Audiovisuel).<\/p>\n<p>To date, Ricky has written and directed 8 short films that were distributed to over 200 festivals around the globe. He was part of <a href=\"https:\/\/www.fucking-different.de\/\" target=\"_blank\" rel=\"noopener noreferrer\">Fucking Different S\u00e3o Paulo<\/a>\u00a0which had its premiere at Berlinale \u2013 Panorama 2010.<\/p>\n<p>In 2018, Ricky Mastro started his first feature film project with <a href=\"https:\/\/mastrodiana.com\/en\" target=\"_blank\" rel=\"noopener noreferrer\">L\u00e9on Diana<\/a>. <em><a href=\"https:\/\/7minutesfilm.com\/\" target=\"_blank\" rel=\"noopener noreferrer\">7 minutes<\/a><\/em> (2020) was shot and finished in two years, and it has been distributed to many territories around the globe, like: North America, Germany, France, United Kingdom and Southeast Asia.<\/p>\n<p>Nowadays, Ricky is in development with L\u00e9on Diana on two new feature film projects: <em>The Invisibles<\/em> and <em>Giulia<\/em>.<\/p>\n<p>Ricky is very active in the LGBT+ festival circuit. He is the film programmer for the <a href=\"https:\/\/www.digofestival.com.br\/\" target=\"_blank\" rel=\"noopener noreferrer\">International Festival of Sexual and Gender Diversity in Goi\u00e1s<\/a> \u2013 Brazil. Also, he created RECIFEST (Festival LGBT+ in Recife, Brazil).<\/p>\n<p>Ricky also teaches film directing at two schools in Toulouse France: ACT Formation and Ynov University.<\/p>\n<p>&nbsp;<\/p>\n<p><strong>Filmography &#8211; (selected films and selected festivals):<\/strong><\/p>\n<p>&nbsp;<\/p>\n<p><span style=\"color: #9f2b41;\"><strong>Giulia- In development<\/strong><\/span><br \/>\nArtistic supervisor Philippe Barri\u00e8re (Torino Film Lab, La Sc\u00e9naristerie)<\/p>\n<p>&nbsp;<\/p>\n<p><span style=\"color: #9f2b41;\"><strong>The Invisibles (Os Invis\u00edveis) &#8211; In development <\/strong><\/span><br \/>\nCin\u00e9ma en d\u00e9veloppement, Cin\u00e9latino Toulouse<\/p>\n<p>&nbsp;<\/p>\n<p><span style=\"color: #9b2c44;\"><strong>Carlinha and Andr\u00e9, 2023, HD, 10 min<\/strong><\/span><br \/>\nFinanced by the short-film award from the State of S\u00e3o Paulo, Brazil (Proac 56\/2020.<\/p>\n<p>&nbsp;<\/p>\n<p><span style=\"color: #9b2c44;\"><strong>Xavier and Miguel, 2022, HD 12 min<\/strong><\/span><br \/>\nFinanced by the LGBTI+ award from the State of S\u00e3o Paulo, Brazil (Proac 16\/2020)<br \/>\nWorld premiere in 2022<\/p>\n<p>&nbsp;<\/p>\n<p><a href=\"https:\/\/7minutesfilm.com\/\" target=\"_blank\" rel=\"noopener noreferrer\"><strong>7 minutes, 2020, HD, 76 min<\/strong><\/a><\/p>\n<ul>\n<li style=\"font-weight: 400;\">Rome Independent Film Festival<\/li>\n<li style=\"font-weight: 400;\">Film Out San Diego<\/li>\n<li style=\"font-weight: 400;\">Mixbrasil<\/li>\n<li style=\"font-weight: 400;\">Lovers Film Festival<\/li>\n<li style=\"font-weight: 400;\">Sofia Meetings, Work in Progress<\/li>\n<\/ul>\n<p>&nbsp;<\/p>\n<p><a href=\"http:\/\/www.thestorm.fr\/en\" target=\"_blank\" rel=\"noopener noreferrer\"><strong>La Temp\u00eate (The storm), 2017, HD, 16 min<\/strong><\/a><\/p>\n<ul>\n<li>Curta Cinema, Rio de Janeiro, Brazil.<\/li>\n<li>37th Uruguay International Film Festival.<\/li>\n<li>Beijing Queer Film Festival, China.<\/li>\n<\/ul>\n<p>&nbsp;<\/p>\n<p><a href=\"https:\/\/www.facebook.com\/latapette2017\/\" target=\"_blank\" rel=\"noopener noreferrer\"><strong>La Tapette (The Mousetrap), 2016, HD, 9 min<\/strong><\/a><\/p>\n<ul>\n<li>Image+Nation, Montreal, Canada<\/li>\n<li>Out &amp; Loud Pune International Queer Film Festival 2017, India<\/li>\n<li>In and Out, Nice, France<\/li>\n<li>Zinegoak (Off Zinegoak), Bilbao and Fire, Barcelona, Spain<\/li>\n<\/ul>\n<p>&nbsp;<\/p>\n<p><a href=\"http:\/\/www.curtaxavier.com.br\/\" target=\"_blank\" rel=\"noopener noreferrer\"><strong>Xavier, 2015, HD, 13 min<\/strong><\/a><\/p>\n<ul>\n<li>Frameline, San Francisco, California.<\/li>\n<li>BFI Flare, UK.<\/li>\n<li>New York International Children&#8217;s Film Festival.<\/li>\n<\/ul>\n<p>&nbsp;<\/p>\n<p><a href=\"https:\/\/vimeo.com\/210389931\" target=\"_blank\" rel=\"noopener noreferrer\"><strong>Koka, 2011, video, 5 min<\/strong><\/a><\/p>\n<ul>\n<li>Ch\u00e9ries Ch\u00e9ris, Paris, In and Out, Nice, Festival des Images aux Mots, Toulouse, France.<\/li>\n<li>Close, Porto Alegre, Brazil.<\/li>\n<li>Merlinka, Belgrade, Serbia.<\/li>\n<\/ul>\n<p>&nbsp;<\/p>\n<p><a href=\"http:\/\/www.cincominutosfilme.com.br\/eng.html\" target=\"_blank\" rel=\"noopener noreferrer\"><strong>Cinco Minutos (Five Minutes), 2008, fiction, 35 mm, 10 min<\/strong><\/a><\/p>\n<ul>\n<li>12th Festival Santa Maria da Feira, Portugal.<\/li>\n<li>Festival International Cinema Latino-Americano, Havana, Cuba.<\/li>\n<li>25th Festival International Gay and Lesbian Hamburg, Germany.<\/li>\n<\/ul>\n<p>&nbsp;<\/p>\n<p><a href=\"http:\/\/www.lesbicasfieis.com.br\/index_en.php\" target=\"_blank\" rel=\"noopener noreferrer\"><strong>Felizes para sempre (Happily ever after), 2009, documentary, video, 7 min<\/strong><\/a><\/p>\n<ul>\n<li>As an episode of Fucking Different Sa\u0303o Paulo: 60th Berlinale Film Festival.<\/li>\n<li>Some prefer cake, Italy.<\/li>\n<li>Copenhagen LGBT Film Festival, Denmark.<\/li>\n<\/ul>\n<p>&nbsp;<\/p>\n<p><a href=\"http:\/\/www.amaisforte.com.br\/index_en.html\" target=\"_blank\" rel=\"noopener noreferrer\"><strong>A mais forte (The Strongest), 2009, 35mm, fiction, 15 min<\/strong><\/a><\/p>\n<ul>\n<li>33rd Festival International de Sa\u0303o Paulo.<\/li>\n<li>International Queer Film Festival Kashish Mumbai, India.<\/li>\n<li>Newfest, New York.<\/li>\n<li>Gay and Lesbian Film Festival Slovakia.<\/li>\n<\/ul>\n<\/div>","protected":false},"excerpt":{"rendered":"<p>In 2000,\u00a0Ricky Mastro\u00a0received his first degree in Drama from the University of Washington (Seattle). Returning to his native country, Brazil, he followed that with a degree in Cinema from Funda\u00e7\u00e3o Armando \u00c1lvares Penteado (S\u00e3o Paulo) and a Master\u2019s in LGBT Identities from Universidade Anhembi Morumbi (S\u00e3o Paulo). In 2015, he moved to Toulouse where he got a DURCA Diploma from the \u00c9cole Nationale Sup\u00e9rieure d\u2019Audiovisuel. (DURCA: Dipl\u00f4me Universitaire de Recherche et de Cr\u00e9ation en Audiovisuel).<a class=\"button-read text-center\" href=\"https:\/\/rickymastro.com\/en\/biography\/\" rel=\"nofollow\">Read more<\/a><\/p>\n","protected":false},"author":1,"featured_media":3731,"parent":0,"menu_order":0,"comment_status":"closed","ping_status":"closed","template":"","meta":{"footnotes":""},"class_list":["post-3524","page","type-page","status-publish","has-post-thumbnail","hentry"],"_links":{"self":[{"href":"https:\/\/rickymastro.com\/en\/wp-json\/wp\/v2\/pages\/3524","targetHints":{"allow":["GET"]}}],"collection":[{"href":"https:\/\/rickymastro.com\/en\/wp-json\/wp\/v2\/pages"}],"about":[{"href":"https:\/\/rickymastro.com\/en\/wp-json\/wp\/v2\/types\/page"}],"author":[{"embeddable":true,"href":"https:\/\/rickymastro.com\/en\/wp-json\/wp\/v2\/users\/1"}],"replies":[{"embeddable":true,"href":"https:\/\/rickymastro.com\/en\/wp-json\/wp\/v2\/comments?post=3524"}],"version-history":[{"count":32,"href":"https:\/\/rickymastro.com\/en\/wp-json\/wp\/v2\/pages\/3524\/revisions"}],"predecessor-version":[{"id":3740,"href":"https:\/\/rickymastro.com\/en\/wp-json\/wp\/v2\/pages\/3524\/revisions\/3740"}],"wp:featuredmedia":[{"embeddable":true,"href":"https:\/\/rickymastro.com\/en\/wp-json\/wp\/v2\/media\/3731"}],"wp:attachment":[{"href":"https:\/\/rickymastro.com\/en\/wp-json\/wp\/v2\/media?parent=3524"}],"curies":[{"name":"wp","href":"https:\/\/api.w.org\/{rel}","templated":true}]}}